{"id":4271,"date":"2020-02-29T12:38:09","date_gmt":"2020-02-29T11:38:09","guid":{"rendered":"https:\/\/www.vitalgardens.com\/dienstle\/garden-maintenance"},"modified":"2021-11-08T11:54:20","modified_gmt":"2021-11-08T10:54:20","slug":"gartenpflege","status":"publish","type":"page","link":"https:\/\/www.vitalgardens.com\/de\/dienste\/gartenpflege","title":{"rendered":"Gartenpflege"},"content":{"rendered":"<section id=\"bt_bb_section69da394313c8f\" class=\"bt_bb_section bt_bb_layout_boxed_1200\"  data-bt-override-class=\"null\"><div class=\"bt_bb_port\"><div class=\"bt_bb_cell\"><div class=\"bt_bb_cell_inner\"><div  class=\"bt_bb_row\" ><div  class=\"bt_bb_column col-xxl-12 col-xl-12 bt_bb_vertical_align_top bt_bb_align_left bt_bb_padding_normal\"  data-width=\"12\" data-bt-override-class=\"{}\"><div class=\"bt_bb_column_content\"><div class=\"bt_bb_column_content_inner\"><div class=\"bt_bb_separator bt_bb_border_style_solid bt_bb_bottom_spacing_medium\" data-bt-override-class=\"null\"><\/div><\/div><\/div><\/div><\/div><div  class=\"bt_bb_row bt_bb_hidden_xs bt_bb_hidden_ms bt_bb_hidden_sm\" ><div  class=\"bt_bb_column col-xxl-6 col-xl-6 bt_bb_vertical_align_top bt_bb_align_left bt_bb_padding_normal bt_bb_animation_fade_in animate\"  data-width=\"6\" data-bt-override-class=\"{}\"><div class=\"bt_bb_column_content\"><div class=\"bt_bb_column_content_inner\"><header class=\"bt_bb_headline bt_bb_dash_none bt_bb_size_medium bt_bb_align_inherit\"><h2><span class=\"bt_bb_headline_content\"><span>Unser <b> Gartenpflege-Service<\/b> wurde entwickelt, um Ihnen Zeit und M\u00fche zu sparen.<\/span><\/span><\/h2><\/header><div class=\"bt_bb_separator bt_bb_border_style_none bt_bb_bottom_spacing_normal\" data-bt-override-class=\"null\"><\/div><\/div><\/div><\/div><div  class=\"bt_bb_column col-xxl-6 col-xl-6 bt_bb_vertical_align_top bt_bb_align_right bt_bb_padding_normal bt_bb_animation_fade_in animate\"  data-width=\"6\" data-bt-override-class=\"{}\"><div class=\"bt_bb_column_content\"><div class=\"bt_bb_column_content_inner\"><header class=\"bt_bb_headline bt_bb_dash_none bt_bb_size_extrasmall bt_bb_align_inherit\"><h2><span class=\"bt_bb_headline_content\"><span>Texten oder Anrufen f\u00fcr einen kostenlosen Kostenvoranschlag<\/span><\/span><\/h2><\/header><div class=\"bt_bb_separator bt_bb_border_style_none bt_bb_bottom_spacing_small\" data-bt-override-class=\"null\"><\/div><div class=\"bt_bb_icon btPhoneIcon bt_bb_style_borderless bt_bb_size_large bt_bb_shape_circle bt_bb_target_self bt_bb_align_inherit\" data-bt-override-class=\"{}\"><a href=\"callto:+351933746345\"  target=\"_self\"  title=\"933 746 345\"  data-ico-icon7stroke=\"&#xe627;\" class=\"bt_bb_icon_holder\"><span>933 746 345<\/span><\/a><\/div><\/div><\/div><\/div><\/div><div  class=\"bt_bb_row bt_bb_hidden_md bt_bb_hidden_lg\" ><div  class=\"bt_bb_column col-xxl-6 col-xl-6 bt_bb_vertical_align_top bt_bb_align_left bt_bb_padding_normal bt_bb_animation_fade_in animate\"  data-width=\"6\" data-bt-override-class=\"{}\"><div class=\"bt_bb_column_content\"><div class=\"bt_bb_column_content_inner\"><header class=\"bt_bb_headline bt_bb_dash_none bt_bb_size_medium bt_bb_align_inherit\"><h2><span class=\"bt_bb_headline_content\"><span>Unser <b> Gartenpflege-Service<\/b> wurde entwickelt, um Ihnen Zeit und M\u00fche zu sparen.<\/span><\/span><\/h2><\/header><div class=\"bt_bb_separator bt_bb_border_style_none bt_bb_bottom_spacing_normal\" data-bt-override-class=\"null\"><\/div><\/div><\/div><\/div><div  class=\"bt_bb_column col-xxl-6 col-xl-6 bt_bb_vertical_align_top bt_bb_align_left bt_bb_padding_normal bt_bb_animation_fade_in animate\"  data-width=\"6\" data-bt-override-class=\"{}\"><div class=\"bt_bb_column_content\"><div class=\"bt_bb_column_content_inner\"><header class=\"bt_bb_headline bt_bb_dash_none bt_bb_size_extrasmall bt_bb_align_inherit\"><h2><span class=\"bt_bb_headline_content\"><span>Texten oder Anrufen f\u00fcr einen kostenlosen Kostenvoranschlag<\/span><\/span><\/h2><\/header><div class=\"bt_bb_separator bt_bb_border_style_none bt_bb_bottom_spacing_small\" data-bt-override-class=\"null\"><\/div><div class=\"bt_bb_icon btPhoneIcon bt_bb_style_borderless bt_bb_size_large bt_bb_shape_circle bt_bb_target_self bt_bb_align_inherit\" data-bt-override-class=\"{}\"><a href=\"callto:+351933746345\"  target=\"_self\"  title=\"933 746 345\"  data-ico-icon7stroke=\"&#xe627;\" class=\"bt_bb_icon_holder\"><span>933 746 345<\/span><\/a><\/div><\/div><\/div><\/div><\/div><\/div><!-- cell_inner --><\/div><!-- cell --><\/div><!-- port --><\/section><section id=\"bt_bb_section69da39431468b\" class=\"bt_bb_section bt_bb_layout_boxed_1200 bt_bb_vertical_align_top bt_bb_top_spacing_medium bt_bb_bottom_spacing_medium\"  data-bt-override-class=\"null\"><div class=\"bt_bb_port\"><div class=\"bt_bb_cell\"><div class=\"bt_bb_cell_inner\"><div  class=\"bt_bb_row\" ><div  class=\"bt_bb_column col-xxl-12 col-xl-12 bt_bb_vertical_align_top bt_bb_align_left bt_bb_padding_normal bt_bb_animation_fade_in animate\"  data-width=\"12\" data-bt-override-class=\"{}\"><div class=\"bt_bb_column_content\"><div class=\"bt_bb_column_content_inner\"><div class=\"bt_bb_separator bt_bb_border_style_solid bt_bb_top_spacing_small bt_bb_bottom_spacing_medium\" data-bt-override-class=\"null\"><\/div><header class=\"bt_bb_headline bt_bb_dash_none bt_bb_size_medium bt_bb_align_inherit\"><h3><span class=\"bt_bb_headline_content\"><span>Was wir bieten<\/span><\/span><\/h3><\/header><div class=\"bt_bb_separator bt_bb_border_style_none bt_bb_bottom_spacing_normal\" data-bt-override-class=\"null\"><\/div><\/div><\/div><\/div><\/div><div  class=\"bt_bb_row\" ><div  class=\"bt_bb_column col-xxl-6 col-xl-6 bt_bb_vertical_align_top bt_bb_align_left bt_bb_padding_normal bt_bb_animation_fade_in animate\"  data-width=\"6\" data-bt-override-class=\"{}\"><div class=\"bt_bb_column_content\"><div class=\"bt_bb_column_content_inner\"><div  class=\"bt_bb_text\" ><p><strong>Vital Gardens<\/strong> bietet einen kompletten Instandhaltungsservice f\u00fcr Wohn- und Gesch\u00e4ftsgeb\u00e4ude, der so unterschiedliche Aufgaben umfasst wie:<\/p>\n<ul>\n<li>Rasenpflege<\/li>\n<li>Pflanzenpflege<\/li>\n<li>Geh\u00f6lzschnitte<\/li>\n<li>Pflanzenschnitte<\/li>\n<li>Aufr\u00e4umen<\/li>\n<li>Unkrautbek\u00e4mpfung<\/li>\n<li>Sch\u00e4dlings- \/ Krankheitsbek\u00e4mpfung<\/li>\n<li>Anwendung von D\u00fcngemitteln<\/li>\n<li>Bew\u00e4sserungswartung<\/li>\n<li>M\u00fcllabfuhr<\/li>\n<\/ul>\n<p>und alles andere, was Ihren Garten von seiner besten Seite zeigt!<\/p>\n<p>Ob es sich um einen einmaligen Besuch handelt, um den Garten einfach in Form zu bringen, oder um regelm\u00e4\u00dfige Besuche, um sicherzustellen, dass der Garten in Form bleibt, Sie haben die Wahl.<\/p>\n<p>Wir helfen Ihnen gerne dabei, Ihren Garten zu einem Verm\u00f6genswert zu machen, indem wir ihn in hervorragendem Zustand halten.<\/p>\n<p>F\u00fcr weitere Informationen zur Gartenpflege wenden Sie sich bitte an <strong>Hugo Ramalho<\/strong>. Er spricht flie\u00dfend Portugiesisch und Englisch.<\/p>\n<\/div><\/div><\/div><\/div><div  class=\"bt_bb_column col-xxl-6 col-xl-6 bt_bb_vertical_align_top bt_bb_align_left bt_bb_padding_normal\"  data-width=\"6\" data-bt-override-class=\"{}\"><div class=\"bt_bb_column_content\"><div class=\"bt_bb_column_content_inner\"><div class=\"bt_bb_slider bt_bb_height_auto bt_bb_show_dots_bottom bt_bb_animation_fade animate\"><div class=\"slick-slider fade\"  data-slick='{ \"lazyLoad\": \"progressive\", \"cssEase\": \"ease-out\", \"speed\": \"300\", \"fade\": true, \"adaptiveHeight\": true, \"dots\": true, \"prevArrow\": \"\", \"nextArrow\": \"\", \"autoplay\": true, \"autoplaySpeed\": 3000}' ><div class=\"bt_bb_slider_item\" data-src-full=\"https:\/\/www.vitalgardens.com\/wp-content\/uploads\/2020\/02\/garden-maintenance-service-02.jpg\"><img src=\"https:\/\/www.vitalgardens.com\/wp-content\/uploads\/2020\/02\/garden-maintenance-service-02.jpg\" alt=\"garden maintenance service 02\"  title=\"garden maintenance service 02\"><\/div><div class=\"bt_bb_slider_item\" data-src-full=\"https:\/\/www.vitalgardens.com\/wp-content\/uploads\/2020\/02\/garden-maintenance-service-04.jpg\"><img src=\"https:\/\/www.vitalgardens.com\/wp-content\/uploads\/2020\/02\/garden-maintenance-service-04.jpg\" alt=\"garden maintenance service 04\"  title=\"garden maintenance service 04\"><\/div><div class=\"bt_bb_slider_item\" data-src-full=\"https:\/\/www.vitalgardens.com\/wp-content\/uploads\/2020\/02\/garden-maintenance-service-03.jpg\"><img src=\"https:\/\/www.vitalgardens.com\/wp-content\/uploads\/2020\/02\/garden-maintenance-service-03.jpg\" alt=\"garden maintenance service 03\"  title=\"garden maintenance service 03\"><\/div><div class=\"bt_bb_slider_item\" data-src-full=\"https:\/\/www.vitalgardens.com\/wp-content\/uploads\/2020\/02\/garden-maintenance-service.jpg\"><img src=\"https:\/\/www.vitalgardens.com\/wp-content\/uploads\/2020\/02\/garden-maintenance-service.jpg\" alt=\"garden maintenance service\"  title=\"garden maintenance service\"><\/div><\/div><\/div><\/div><\/div><\/div><\/div><\/div><!-- cell_inner --><\/div><!-- cell --><\/div><!-- port --><\/section><section id=\"bt_bb_section69da394315abe\" class=\"bt_bb_section bt_bb_color_scheme_9 bt_bb_layout_boxed_limit_1640 bt_bb_vertical_align_top bt_bb_top_spacing_medium\" style=\"; --section-primary-color:#4e4e4e; --section-secondary-color:#eaefe4;\" data-bt-override-class=\"null\"><div class=\"bt_bb_port\"><div class=\"bt_bb_cell\"><div class=\"bt_bb_cell_inner\"><div  class=\"bt_bb_row bt_bb_column_gap_20\" ><div  class=\"bt_bb_column col-xxl-6 col-xl-6 bt_bb_vertical_align_top bt_bb_align_left bt_bb_padding_normal bt_bb_animation_fade_in animate\"  data-width=\"6\" data-bt-override-class=\"{}\"><div class=\"bt_bb_column_content\"><div class=\"bt_bb_column_content_inner\"><header class=\"bt_bb_headline bt_bb_color_scheme_3 bt_bb_dash_none bt_bb_size_normal bt_bb_align_inherit\"><h3><span class=\"bt_bb_headline_content\"><span>Beliebte Landschafts-<br \/>\r\nKonzepte<\/span><\/span><\/h3><\/header><div class=\"bt_bb_separator bt_bb_border_style_none bt_bb_bottom_spacing_small\" data-bt-override-class=\"null\"><\/div><div class=\"bt_bb_button bt_bb_color_scheme_3 bt_bb_icon_position_left bt_bb_style_underline bt_bb_size_medium bt_bb_width_inline bt_bb_shape_inherit bt_bb_target_self bt_bb_align_inherit bt_bb_font_weight_normal\" style=\"; --primary-color:#2ab939; --secondary-color:#4e4e4e;\" data-bt-override-class=\"{}\"><a href=\"https:\/\/www.vitalgardens.com\/de\/dienste\" target=\"_self\" class=\"bt_bb_link\" title=\"Alle Vital Gardens Konzepte\"><span class=\"bt_bb_button_text\" >Alle Vital Gardens Konzepte<\/span><\/a><\/div><div class=\"bt_bb_separator bt_bb_border_style_none bt_bb_bottom_spacing_medium\" data-bt-override-class=\"null\"><\/div><\/div><\/div><\/div><div  class=\"bt_bb_column col-xxl-6 col-xl-6 bt_bb_vertical_align_top bt_bb_align_left bt_bb_padding_normal bt_bb_animation_fade_in animate\"  data-width=\"6\" data-bt-override-class=\"{}\"><div class=\"bt_bb_column_content\"><div class=\"bt_bb_column_content_inner\"><div  class=\"bt_bb_text\" ><p>F\u00fcr Kunden, die G\u00e4rten in der Realit\u00e4t bevorzugen, haben wir mehrere elegante G\u00e4rten an der Algarve mit minimalistisch gehaltener Bepflanzung, luxuri\u00f6ser Bepflanzung oder Besonderheiten kreiert.<\/p>\n<p>Sie k\u00f6nnen auch das ganze Jahr \u00fcber an unserer kleinen Garten-Tour an der Algarve teilnehmen und unsere beliebtesten Gartenprojekte erkunden, um einen Ihrer m\u00f6glichen zuk\u00fcnftigen G\u00e4rten zu sehen, zu ber\u00fchren, zu f\u00fchlen und zu erleben.<\/p>\n<\/div><div class=\"bt_bb_separator bt_bb_border_style_none bt_bb_bottom_spacing_medium\" data-bt-override-class=\"null\"><\/div><\/div><\/div><\/div><\/div><div  class=\"bt_bb_row bt_bb_column_gap_50\" ><div  class=\"bt_bb_column col-xxl-4 col-xl-4 bt_bb_vertical_align_top bt_bb_align_left bt_bb_padding_normal bt_bb_animation_fade_in animate\"  data-width=\"4\" data-bt-override-class=\"{}\"><div class=\"bt_bb_column_content\"><div class=\"bt_bb_column_content_inner\"><div class=\"bt_bb_card_icon bt_bb_icon_color_scheme_3 bt_bb_title_color_scheme_3 bt_bb_background_color_scheme_8\"><a href=\"https:\/\/www.vitalgardens.com\/de\/dienste\/kunstrasen\"  target=\"_self\" title=\"Kunstrasen\"><div class=\"bt_bb_card_icon_content\"><div class=\"bt_bb_card_icon_icon\"><span  data-ico-landscaping=\"&#xe92b;\" class=\"bt_bb_icon_holder\"><\/span><\/div><h3 class=\"bt_bb_card_icon_title\">Kunstrasen<\/h3><div class=\"bt_bb_card_icon_text\">Kompletter Rasenpflegeservice, extravaganter Minigolf oder gro\u00dfes Fu\u00dfballfeld, es gibt keine besseren Optionen als moderne Konzepte.<\/div><\/div><\/a><\/div><div class=\"bt_bb_separator bt_bb_border_style_none bt_bb_bottom_spacing_normal\" data-bt-override-class=\"null\"><\/div><div class=\"bt_bb_card_icon bt_bb_icon_color_scheme_3 bt_bb_title_color_scheme_3 bt_bb_background_color_scheme_8\"><a href=\"https:\/\/www.vitalgardens.com\/de\/dienste\/wege-patios-gartenmauern\"  target=\"_self\" title=\"Wege & Patios, Gartenmauern \"><div class=\"bt_bb_card_icon_content\"><div class=\"bt_bb_card_icon_icon\"><span  data-ico-landscaping=\"&#xe90a;\" class=\"bt_bb_icon_holder\"><\/span><\/div><h3 class=\"bt_bb_card_icon_title\">Wege & Patios, Gartenmauern <\/h3><div class=\"bt_bb_card_icon_text\">Der Garten enth\u00e4lt eine Reihe von pr\u00e4chtigen und teuer aussehenden Umrandungen. <\/div><\/div><\/a><\/div><div class=\"bt_bb_separator bt_bb_border_style_none bt_bb_bottom_spacing_normal\" data-bt-override-class=\"null\"><\/div><\/div><\/div><\/div><div  class=\"bt_bb_column col-xxl-4 col-xl-4 bt_bb_vertical_align_top bt_bb_align_left bt_bb_padding_normal bt_bb_animation_fade_in animate\"  data-width=\"4\" data-bt-override-class=\"{}\"><div class=\"bt_bb_column_content\"><div class=\"bt_bb_column_content_inner\"><div class=\"bt_bb_card_icon bt_bb_icon_color_scheme_3 bt_bb_title_color_scheme_3 bt_bb_background_color_scheme_8\"><a href=\"https:\/\/www.vitalgardens.com\/de\/dienste\/bewaesserungssysteme\"  target=\"_self\" title=\"Bew\u00e4sserungssystem\"><div class=\"bt_bb_card_icon_content\"><div class=\"bt_bb_card_icon_icon\"><span  data-ico-landscaping=\"&#xe91d;\" class=\"bt_bb_icon_holder\"><\/span><\/div><h3 class=\"bt_bb_card_icon_title\">Bew\u00e4sserungssystem<\/h3><div class=\"bt_bb_card_icon_text\">Es gibt eine riesige Auswahl an Pflanzen und Rasenfl\u00e4chen, die mit der richtigen Menge Wasser gedeihen, um wundersch\u00f6ne Farben zu erzielen.<\/div><\/div><\/a><\/div><div class=\"bt_bb_separator bt_bb_border_style_none bt_bb_bottom_spacing_normal\" data-bt-override-class=\"null\"><\/div><div class=\"bt_bb_card_icon bt_bb_icon_color_scheme_3 bt_bb_title_color_scheme_3 bt_bb_background_color_scheme_8\"><a href=\"https:\/\/www.vitalgardens.com\/de\/dienste\/pool-schwimmteiche\"  target=\"_self\" title=\"Pool & Schwimmteiche \"><div class=\"bt_bb_card_icon_content\"><div class=\"bt_bb_card_icon_icon\"><span  data-ico-landscaping=\"&#xe905;\" class=\"bt_bb_icon_holder\"><\/span><\/div><h3 class=\"bt_bb_card_icon_title\">Pool & Schwimmteiche <\/h3><div class=\"bt_bb_card_icon_text\">Wasser Besonderheiten werden verwendet, um die Immobilie aufzufrischen und einen Mehrwert zu schaffen. <\/div><\/div><\/a><\/div><div class=\"bt_bb_separator bt_bb_border_style_none bt_bb_bottom_spacing_normal\" data-bt-override-class=\"null\"><\/div><\/div><\/div><\/div><div  class=\"bt_bb_column col-xxl-4 col-xl-4 bt_bb_vertical_align_top bt_bb_align_left bt_bb_padding_normal bt_bb_animation_fade_in animate\"  data-width=\"4\" data-bt-override-class=\"{}\"><div class=\"bt_bb_column_content\"><div class=\"bt_bb_column_content_inner\"><div class=\"bt_bb_card_icon bt_bb_icon_color_scheme_3 bt_bb_title_color_scheme_3 bt_bb_background_color_scheme_8\"><a href=\"https:\/\/www.vitalgardens.com\/de\/dienste\/gartenbau\"  target=\"_self\" title=\"Gartenbau\"><div class=\"bt_bb_card_icon_content\"><div class=\"bt_bb_card_icon_icon\"><span  data-ico-landscaping=\"&#xe908;\" class=\"bt_bb_icon_holder\"><\/span><\/div><h3 class=\"bt_bb_card_icon_title\">Gartenbau<\/h3><div class=\"bt_bb_card_icon_text\">Wir haben eine besonders gro\u00dfe Auswahl an Gel\u00e4ndemodellierungswerkzeugen, Baufahrzeugen und Profis.<\/div><\/div><\/a><\/div><div class=\"bt_bb_separator bt_bb_border_style_none bt_bb_bottom_spacing_normal\" data-bt-override-class=\"null\"><\/div><div class=\"bt_bb_card_icon bt_bb_icon_color_scheme_3 bt_bb_title_color_scheme_3 bt_bb_background_color_scheme_8\"><a href=\"https:\/\/www.vitalgardens.com\/de\/dienste\/trocken-steingaerten\"  target=\"_self\" title=\"Trocken- \/ Steing\u00e4rten\"><div class=\"bt_bb_card_icon_content\"><div class=\"bt_bb_card_icon_icon\"><span  data-ico-landscaping=\"&#xe928;\" class=\"bt_bb_icon_holder\"><\/span><\/div><h3 class=\"bt_bb_card_icon_title\">Trocken- \/ Steing\u00e4rten<\/h3><div class=\"bt_bb_card_icon_text\">Viele der Pflanzen im trockenen Garten sind auch bei Sonnenschein und Hitze bei wenig Wasser robust.<\/div><\/div><\/a><\/div><div class=\"bt_bb_separator bt_bb_border_style_none bt_bb_bottom_spacing_normal\" data-bt-override-class=\"null\"><\/div><\/div><\/div><\/div><\/div><div  class=\"bt_bb_row bt_bb_hidden_xs bt_bb_hidden_ms bt_bb_hidden_sm\" ><div  class=\"bt_bb_column col-xxl-12 col-xl-12 bt_bb_vertical_align_top bt_bb_align_left bt_bb_padding_normal\"  data-width=\"12\" data-bt-override-class=\"{}\"><div class=\"bt_bb_column_content\"><div class=\"bt_bb_column_content_inner\"><div class=\"bt_bb_separator bt_bb_border_style_none bt_bb_bottom_spacing_normal\" data-bt-override-class=\"null\"><\/div><\/div><\/div><\/div><\/div><div  class=\"bt_bb_row bt_bb_column_gap_45 bt_bb_color_scheme_6 bt_bb_hidden_xs bt_bb_hidden_ms bt_bb_hidden_sm\" ><div  class=\"bt_bb_column col-xxl-3 col-xl-3 bt_bb_vertical_align_top bt_bb_align_left btLazyLoadBackground bt_bb_column_background_image bt_bb_padding_normal bt_bb_animation_fade_in animate\" style=\"background-image:url(&#039;https:\/\/www.vitalgardens.com\/wp-content\/plugins\/bold-page-builder\/img\/blank.gif&#039;);\" data-background_image_src='https:\/\/www.vitalgardens.com\/wp-content\/uploads\/2020\/03\/contact-us-vital-gardens-algarve.jpg' data-width=\"3\" data-bt-override-class=\"{}\"><div class=\"bt_bb_column_content\"><div class=\"bt_bb_column_content_inner\"><\/div><\/div><\/div><div  class=\"bt_bb_column col-xxl-6 col-xl-6 bt_bb_vertical_align_top bt_bb_align_left bt_bb_padding_normal bt_bb_animation_fade_in animate\"  data-width=\"6\" data-bt-override-class=\"{}\"><div class=\"bt_bb_column_content\"><div class=\"bt_bb_column_content_inner\"><div class=\"bt_bb_separator bt_bb_border_style_none bt_bb_bottom_spacing_medium\" data-bt-override-class=\"null\"><\/div><header class=\"bt_bb_headline bt_bb_dash_none bt_bb_size_medium bt_bb_subheadline bt_bb_align_inherit\"><h3><span class=\"bt_bb_headline_content\"><span>Kontaktieren Sie uns f\u00fcr ein kostenloses Angebot. <\/span><\/span><\/h3><div class=\"bt_bb_headline_subheadline\">Breites Leistungsspektrum <\/div><\/header><div class=\"bt_bb_separator bt_bb_border_style_none bt_bb_bottom_spacing_medium\" data-bt-override-class=\"null\"><\/div><\/div><\/div><\/div><div  class=\"bt_bb_column col-xxl-3 col-xl-3 bt_bb_vertical_align_middle bt_bb_align_left bt_bb_padding_normal bt_bb_animation_fade_in animate\"  data-width=\"3\" data-bt-override-class=\"{}\"><div class=\"bt_bb_column_content\"><div class=\"bt_bb_column_content_inner\"><div class=\"bt_bb_separator bt_bb_border_style_none bt_bb_bottom_spacing_medium\" data-bt-override-class=\"null\"><\/div><div class=\"bt_bb_button bt_bb_color_scheme_2 bt_bb_icon_position_left bt_bb_style_filled bt_bb_size_normal bt_bb_width_inline bt_bb_shape_inherit bt_bb_target_self bt_bb_align_inherit\" style=\"; --primary-color:#4e4e4e; --secondary-color:#ffffff;\" data-bt-override-class=\"{&quot;bt_bb_size_&quot;:{&quot;current_class&quot;:&quot;bt_bb_size_normal&quot;,&quot;xxl&quot;:&quot;normal&quot;,&quot;xl&quot;:&quot;normal&quot;},&quot;bt_bb_align_&quot;:{&quot;current_class&quot;:&quot;bt_bb_align_inherit&quot;,&quot;xxl&quot;:&quot;inherit&quot;,&quot;xl&quot;:&quot;inherit&quot;}}\"><a href=\"https:\/\/www.vitalgardens.com\/de\/kontaktieren-sie-uns\" target=\"_self\" class=\"bt_bb_link\" title=\"Kontaktieren sie uns\"><span class=\"bt_bb_button_text\" >Kontaktieren sie uns<\/span><\/a><\/div><div class=\"bt_bb_separator bt_bb_border_style_none bt_bb_bottom_spacing_medium\" data-bt-override-class=\"null\"><\/div><\/div><\/div><\/div><\/div><div  class=\"bt_bb_row bt_bb_column_gap_45 bt_bb_color_scheme_6 bt_bb_hidden_md bt_bb_hidden_lg\" ><div  class=\"bt_bb_column col-xxl-12 col-xl-12 bt_bb_vertical_align_top bt_bb_align_center bt_bb_padding_normal bt_bb_animation_fade_in animate\"  data-width=\"12\" data-bt-override-class=\"{}\"><div class=\"bt_bb_column_content\"><div class=\"bt_bb_column_content_inner\"><div class=\"bt_bb_separator bt_bb_border_style_none bt_bb_bottom_spacing_medium\" data-bt-override-class=\"null\"><\/div><div class=\"bt_bb_image bt_bb_shape_square bt_bb_target_self bt_bb_align_inherit bt_bb_hover_style_simple bt_bb_content_display_always bt_bb_content_align_middle\" data-bt-override-class=\"{}\"><span><img width=\"540\" height=\"368\" src=\"https:\/\/www.vitalgardens.com\/wp-content\/uploads\/2020\/03\/contact-us-vital-gardens-algarve.jpg\" class=\"attachment-full size-full\" alt=\"Our services\" loading=\"lazy\" data-full_image_src=\"https:\/\/www.vitalgardens.com\/wp-content\/uploads\/2020\/03\/contact-us-vital-gardens-algarve.jpg\" title=\"contact-us-vital-gardens-algarve\" srcset=\"https:\/\/www.vitalgardens.com\/wp-content\/uploads\/2020\/03\/contact-us-vital-gardens-algarve.jpg 540w, https:\/\/www.vitalgardens.com\/wp-content\/uploads\/2020\/03\/contact-us-vital-gardens-algarve-320x218.jpg 320w\" sizes=\"(max-width: 540px) 100vw, 540px\" \/><\/span><\/div><div class=\"bt_bb_separator bt_bb_border_style_none bt_bb_bottom_spacing_medium\" data-bt-override-class=\"null\"><\/div><header class=\"bt_bb_headline bt_bb_dash_none bt_bb_size_medium bt_bb_subheadline bt_bb_align_inherit\"><h3><span class=\"bt_bb_headline_content\"><span>Kontaktieren Sie uns f\u00fcr ein kostenloses Angebot. <\/span><\/span><\/h3><div class=\"bt_bb_headline_subheadline\">Breites Leistungsspektrum <\/div><\/header><div class=\"bt_bb_separator bt_bb_border_style_none bt_bb_bottom_spacing_normal\" data-bt-override-class=\"null\"><\/div><div class=\"bt_bb_button bt_bb_color_scheme_2 bt_bb_icon_position_left bt_bb_style_filled bt_bb_size_normal bt_bb_width_inline bt_bb_shape_inherit bt_bb_target_self bt_bb_align_inherit\" style=\"; --primary-color:#4e4e4e; --secondary-color:#ffffff;\" data-bt-override-class=\"{}\"><a href=\"https:\/\/www.vitalgardens.com\/de\/kontaktiere-uns\" target=\"_self\" class=\"bt_bb_link\" title=\"Kontaktiere uns\"><span class=\"bt_bb_button_text\" >Kontaktiere uns<\/span><\/a><\/div><div class=\"bt_bb_separator bt_bb_border_style_none bt_bb_bottom_spacing_medium\" data-bt-override-class=\"null\"><\/div><\/div><\/div><\/div><\/div><\/div><!-- cell_inner --><\/div><!-- cell --><\/div><!-- port --><\/section>","protected":false},"excerpt":{"rendered":"","protected":false},"author":5,"featured_media":4033,"parent":4112,"menu_order":0,"comment_status":"closed","ping_status":"closed","template":"","meta":[],"_links":{"self":[{"href":"https:\/\/www.vitalgardens.com\/de\/wp-json\/wp\/v2\/pages\/4271"}],"collection":[{"href":"https:\/\/www.vitalgardens.com\/de\/wp-json\/wp\/v2\/pages"}],"about":[{"href":"https:\/\/www.vitalgardens.com\/de\/wp-json\/wp\/v2\/types\/page"}],"author":[{"embeddable":true,"href":"https:\/\/www.vitalgardens.com\/de\/wp-json\/wp\/v2\/users\/5"}],"replies":[{"embeddable":true,"href":"https:\/\/www.vitalgardens.com\/de\/wp-json\/wp\/v2\/comments?post=4271"}],"version-history":[{"count":3,"href":"https:\/\/www.vitalgardens.com\/de\/wp-json\/wp\/v2\/pages\/4271\/revisions"}],"predecessor-version":[{"id":5933,"href":"https:\/\/www.vitalgardens.com\/de\/wp-json\/wp\/v2\/pages\/4271\/revisions\/5933"}],"up":[{"embeddable":true,"href":"https:\/\/www.vitalgardens.com\/de\/wp-json\/wp\/v2\/pages\/4112"}],"wp:featuredmedia":[{"embeddable":true,"href":"https:\/\/www.vitalgardens.com\/de\/wp-json\/wp\/v2\/media\/4033"}],"wp:attachment":[{"href":"https:\/\/www.vitalgardens.com\/de\/wp-json\/wp\/v2\/media?parent=4271"}],"curies":[{"name":"wp","href":"https:\/\/api.w.org\/{rel}","templated":true}]}}