{"id":4142,"date":"2020-02-29T15:04:44","date_gmt":"2020-02-29T14:04:44","guid":{"rendered":"https:\/\/www.vitalgardens.com\/unsere-dienstleistungen\/garden-construction"},"modified":"2021-11-05T15:37:41","modified_gmt":"2021-11-05T14:37:41","slug":"gartenbau","status":"publish","type":"page","link":"https:\/\/www.vitalgardens.com\/de\/dienste\/gartenbau","title":{"rendered":"Gartenbau"},"content":{"rendered":"<section id=\"bt_bb_section69d345dfa569f\" class=\"bt_bb_section bt_bb_layout_boxed_1200 bt_bb_vertical_align_top\"  data-bt-override-class=\"null\"><div class=\"bt_bb_port\"><div class=\"bt_bb_cell\"><div class=\"bt_bb_cell_inner\"><div  class=\"bt_bb_row\" ><div  class=\"bt_bb_column col-xxl-12 col-xl-12 bt_bb_vertical_align_top bt_bb_align_left bt_bb_padding_normal\"  data-width=\"12\" data-bt-override-class=\"{}\"><div class=\"bt_bb_column_content\"><div class=\"bt_bb_column_content_inner\"><div class=\"bt_bb_separator bt_bb_border_style_solid bt_bb_bottom_spacing_medium\" data-bt-override-class=\"null\"><\/div><\/div><\/div><\/div><\/div><div  class=\"bt_bb_row bt_bb_hidden_xs bt_bb_hidden_ms bt_bb_hidden_sm\" ><div  class=\"bt_bb_column col-xxl-6 col-xl-6 bt_bb_vertical_align_top bt_bb_align_left bt_bb_padding_normal bt_bb_animation_fade_in animate\"  data-width=\"6\" data-bt-override-class=\"{}\"><div class=\"bt_bb_column_content\"><div class=\"bt_bb_column_content_inner\"><header class=\"bt_bb_headline bt_bb_dash_none bt_bb_size_normal bt_bb_align_inherit\"><h2><span class=\"bt_bb_headline_content\"><span>Hochwertige Landschaftsgestaltung und <b>Gartenbau<\/b><\/span><\/span><\/h2><\/header><div class=\"bt_bb_separator bt_bb_border_style_none bt_bb_bottom_spacing_normal\" data-bt-override-class=\"null\"><\/div><\/div><\/div><\/div><div  class=\"bt_bb_column col-xxl-6 col-xl-6 bt_bb_vertical_align_top bt_bb_align_right bt_bb_padding_normal bt_bb_animation_fade_in animate\"  data-width=\"6\" data-bt-override-class=\"{}\"><div class=\"bt_bb_column_content\"><div class=\"bt_bb_column_content_inner\"><header class=\"bt_bb_headline bt_bb_dash_none bt_bb_size_extrasmall bt_bb_align_inherit\"><h2><span class=\"bt_bb_headline_content\"><span>Texten oder Anrufen f\u00fcr einen kostenlosen Kostenvoranschlag<\/span><\/span><\/h2><\/header><div class=\"bt_bb_separator bt_bb_border_style_none bt_bb_bottom_spacing_small\" data-bt-override-class=\"null\"><\/div><div class=\"bt_bb_icon btPhoneIcon bt_bb_style_borderless bt_bb_size_large bt_bb_shape_circle bt_bb_target_self bt_bb_align_inherit\" data-bt-override-class=\"{}\"><a href=\"callto:+351933746345\"  target=\"_self\"  title=\"933 746 345\"  data-ico-icon7stroke=\"&#xe627;\" class=\"bt_bb_icon_holder\"><span>933 746 345<\/span><\/a><\/div><\/div><\/div><\/div><\/div><div  class=\"bt_bb_row bt_bb_hidden_md bt_bb_hidden_lg\" ><div  class=\"bt_bb_column col-xxl-6 col-xl-6 bt_bb_vertical_align_top bt_bb_align_left bt_bb_padding_normal bt_bb_animation_fade_in animate\"  data-width=\"6\" data-bt-override-class=\"{}\"><div class=\"bt_bb_column_content\"><div class=\"bt_bb_column_content_inner\"><header class=\"bt_bb_headline bt_bb_dash_none bt_bb_size_medium bt_bb_align_inherit\"><h2><span class=\"bt_bb_headline_content\"><span>Hochwertige Landschaftsgestaltung und <b>Gartenbau<\/b><br \/>\r\n<\/span><\/span><\/h2><\/header><div class=\"bt_bb_separator bt_bb_border_style_none bt_bb_bottom_spacing_normal\" data-bt-override-class=\"null\"><\/div><\/div><\/div><\/div><div  class=\"bt_bb_column col-xxl-6 col-xl-6 bt_bb_vertical_align_top bt_bb_align_left bt_bb_padding_normal bt_bb_animation_fade_in animate\"  data-width=\"6\" data-bt-override-class=\"{}\"><div class=\"bt_bb_column_content\"><div class=\"bt_bb_column_content_inner\"><header class=\"bt_bb_headline bt_bb_dash_none bt_bb_size_extrasmall bt_bb_align_inherit\"><h2><span class=\"bt_bb_headline_content\"><span>Texten oder Anrufen f\u00fcr einen kostenlosen Kostenvoranschlag<\/span><\/span><\/h2><\/header><div class=\"bt_bb_separator bt_bb_border_style_none bt_bb_bottom_spacing_small\" data-bt-override-class=\"null\"><\/div><div class=\"bt_bb_icon btPhoneIcon bt_bb_style_borderless bt_bb_size_large bt_bb_shape_circle bt_bb_target_self bt_bb_align_inherit\" data-bt-override-class=\"{}\"><a href=\"callto:+351933746345\"  target=\"_self\"  title=\"933 746 345\"  data-ico-icon7stroke=\"&#xe627;\" class=\"bt_bb_icon_holder\"><span>933 746 345<\/span><\/a><\/div><\/div><\/div><\/div><\/div><\/div><!-- cell_inner --><\/div><!-- cell --><\/div><!-- port --><\/section><section id=\"bt_bb_section69d345dfa5edf\" class=\"bt_bb_section bt_bb_layout_boxed_1200 bt_bb_vertical_align_top bt_bb_top_spacing_medium bt_bb_bottom_spacing_medium\"  data-bt-override-class=\"null\"><div class=\"bt_bb_port\"><div class=\"bt_bb_cell\"><div class=\"bt_bb_cell_inner\"><div  class=\"bt_bb_row\" ><div  class=\"bt_bb_column col-xxl-12 col-xl-12 bt_bb_vertical_align_top bt_bb_align_left bt_bb_padding_normal bt_bb_animation_fade_in animate\"  data-width=\"12\" data-bt-override-class=\"{}\"><div class=\"bt_bb_column_content\"><div class=\"bt_bb_column_content_inner\"><div class=\"bt_bb_separator bt_bb_border_style_solid bt_bb_top_spacing_small bt_bb_bottom_spacing_medium\" data-bt-override-class=\"null\"><\/div><\/div><\/div><\/div><\/div><div  class=\"bt_bb_row\" ><div  class=\"bt_bb_column col-xxl-6 col-xl-6 bt_bb_vertical_align_top bt_bb_align_left bt_bb_padding_normal bt_bb_animation_fade_in animate\"  data-width=\"6\" data-bt-override-class=\"{}\"><div class=\"bt_bb_column_content\"><div class=\"bt_bb_column_content_inner\"><header class=\"bt_bb_headline bt_bb_dash_none bt_bb_size_medium bt_bb_superheadline bt_bb_align_inherit\"><h3><span class=\"bt_bb_headline_superheadline\">Der Klassenbeste<\/span><span class=\"bt_bb_headline_content\"><span><b>Gartentechniken<\/b><\/span><\/span><\/h3><\/header><div class=\"bt_bb_separator bt_bb_border_style_none bt_bb_bottom_spacing_normal\" data-bt-override-class=\"null\"><\/div><div  class=\"bt_bb_text\" ><p><strong>Innovative L\u00f6sungen &#8211; Pfiffige H\u00e4nde &#8211; Professionelle Ausr\u00fcstung<\/strong><\/p>\n<p><strong>Vital Gardens<\/strong> wendet massive Gartenbautechniken an, um Industrie- und Herstellerstandards zu erf\u00fcllen. Wir w\u00e4hlen f\u00fcr jedes Projekt das richtige Material aus, um es an die vorhandene Umgebung anzupassen oder ein v\u00f6llig neues Gef\u00fchl f\u00fcr Ihren Garten zu schaffen.<\/p>\n<p>Wir sind stolz auf die beste Verarbeitung, die Kenntnis und den Einsatz der richtigen Ausr\u00fcstung in allen Situationen, um den Bau Ihres Gartens schnell und schmerzlos zu gestalten, ohne Kompromisse bei der Qualit\u00e4t einzugehen.<\/p>\n<p><strong>Gartenbau f\u00fcr alle Situationen.<\/strong><\/p>\n<\/div><div class=\"bt_bb_separator bt_bb_border_style_none bt_bb_bottom_spacing_normal\" data-bt-override-class=\"null\"><\/div><header class=\"bt_bb_headline bt_bb_dash_none bt_bb_size_medium bt_bb_align_inherit\"><h2><span class=\"bt_bb_headline_content\"><span><b>Kundenzufriedenheit ist unser Ziel!<\/b><\/span><\/span><\/h2><\/header><div class=\"bt_bb_separator bt_bb_border_style_none bt_bb_bottom_spacing_normal\" data-bt-override-class=\"null\"><\/div><\/div><\/div><\/div><div  class=\"bt_bb_column col-xxl-6 col-xl-6 bt_bb_vertical_align_top bt_bb_align_left bt_bb_padding_normal\"  data-width=\"6\" data-bt-override-class=\"{}\"><div class=\"bt_bb_column_content\"><div class=\"bt_bb_column_content_inner\"><div class=\"bt_bb_slider bt_bb_height_auto bt_bb_animation_fade animate\"><div class=\"slick-slider fade\"  data-slick='{ \"lazyLoad\": \"progressive\", \"cssEase\": \"ease-out\", \"speed\": \"300\", \"fade\": true, \"adaptiveHeight\": true, \"prevArrow\": \"\", \"nextArrow\": \"\", \"autoplay\": true, \"autoplaySpeed\": 2500}' ><div class=\"bt_bb_slider_item\" data-src-full=\"https:\/\/www.vitalgardens.com\/wp-content\/uploads\/2020\/02\/vital-gardesns-constructions-01.jpg\"><img src=\"https:\/\/www.vitalgardens.com\/wp-content\/uploads\/2020\/02\/vital-gardesns-constructions-01.jpg\" alt=\"vital gardesns constructions 01\"  title=\"vital gardesns constructions 01\"><\/div><div class=\"bt_bb_slider_item\" data-src-full=\"https:\/\/www.vitalgardens.com\/wp-content\/uploads\/2020\/02\/vital-gardesns-constructions-02.jpg\"><img src=\"https:\/\/www.vitalgardens.com\/wp-content\/uploads\/2020\/02\/vital-gardesns-constructions-02.jpg\" alt=\"vital gardesns constructions 02\"  title=\"vital gardesns constructions 02\"><\/div><div class=\"bt_bb_slider_item\" data-src-full=\"https:\/\/www.vitalgardens.com\/wp-content\/uploads\/2020\/02\/vital-gardesns-constructions-03.jpg\"><img src=\"https:\/\/www.vitalgardens.com\/wp-content\/uploads\/2020\/02\/vital-gardesns-constructions-03.jpg\" alt=\"vital gardesns constructions 03\"  title=\"vital gardesns constructions 03\"><\/div><div class=\"bt_bb_slider_item\" data-src-full=\"https:\/\/www.vitalgardens.com\/wp-content\/uploads\/2020\/02\/vital-gardesns-constructions-04.jpg\"><img src=\"https:\/\/www.vitalgardens.com\/wp-content\/uploads\/2020\/02\/vital-gardesns-constructions-04.jpg\" alt=\"vital gardesns constructions 04\"  title=\"vital gardesns constructions 04\"><\/div><div class=\"bt_bb_slider_item\" data-src-full=\"https:\/\/www.vitalgardens.com\/wp-content\/uploads\/2020\/02\/vital-gardesns-constructions-05.jpg\"><img src=\"https:\/\/www.vitalgardens.com\/wp-content\/uploads\/2020\/02\/vital-gardesns-constructions-05.jpg\" alt=\"vital gardesns constructions 05\"  title=\"vital gardesns constructions 05\"><\/div><div class=\"bt_bb_slider_item\" data-src-full=\"https:\/\/www.vitalgardens.com\/wp-content\/uploads\/2020\/02\/vital-gardesns-constructions-06.jpg\"><img src=\"https:\/\/www.vitalgardens.com\/wp-content\/uploads\/2020\/02\/vital-gardesns-constructions-06.jpg\" alt=\"vital gardesns constructions 06\"  title=\"vital gardesns constructions 06\"><\/div><div class=\"bt_bb_slider_item\" data-src-full=\"https:\/\/www.vitalgardens.com\/wp-content\/uploads\/2020\/02\/vital-gardesns-constructions-07.jpg\"><img src=\"https:\/\/www.vitalgardens.com\/wp-content\/uploads\/2020\/02\/vital-gardesns-constructions-07.jpg\" alt=\"vital gardesns constructions 07\"  title=\"vital gardesns constructions 07\"><\/div><div class=\"bt_bb_slider_item\" data-src-full=\"https:\/\/www.vitalgardens.com\/wp-content\/uploads\/2020\/02\/vital-gardesns-constructions-08.jpg\"><img src=\"https:\/\/www.vitalgardens.com\/wp-content\/uploads\/2020\/02\/vital-gardesns-constructions-08.jpg\" alt=\"vital gardesns constructions 08\"  title=\"vital gardesns constructions 08\"><\/div><\/div><\/div><\/div><\/div><\/div><\/div><\/div><!-- cell_inner --><\/div><!-- cell --><\/div><!-- port --><\/section><section id=\"bt_bb_section69d345dfa7a99\" class=\"bt_bb_section bt_bb_color_scheme_9 bt_bb_layout_boxed_limit_1640 bt_bb_vertical_align_top bt_bb_top_spacing_medium\" style=\"; --section-primary-color:#4e4e4e; --section-secondary-color:#eaefe4;\" data-bt-override-class=\"null\"><div class=\"bt_bb_port\"><div class=\"bt_bb_cell\"><div class=\"bt_bb_cell_inner\"><div  class=\"bt_bb_row bt_bb_column_gap_20\" ><div  class=\"bt_bb_column col-xxl-6 col-xl-6 bt_bb_vertical_align_top bt_bb_align_left bt_bb_padding_normal bt_bb_animation_fade_in animate\"  data-width=\"6\" data-bt-override-class=\"{}\"><div class=\"bt_bb_column_content\"><div class=\"bt_bb_column_content_inner\"><header class=\"bt_bb_headline bt_bb_color_scheme_3 bt_bb_dash_none bt_bb_size_normal bt_bb_align_inherit\"><h3><span class=\"bt_bb_headline_content\"><span>Beliebte Landschafts-<br \/>\r\nKonzepte<\/span><\/span><\/h3><\/header><div class=\"bt_bb_separator bt_bb_border_style_none bt_bb_bottom_spacing_small\" data-bt-override-class=\"null\"><\/div><div class=\"bt_bb_button bt_bb_color_scheme_3 bt_bb_icon_position_left bt_bb_style_underline bt_bb_size_medium bt_bb_width_inline bt_bb_shape_inherit bt_bb_target_self bt_bb_align_inherit bt_bb_font_weight_normal\" style=\"; --primary-color:#2ab939; --secondary-color:#4e4e4e;\" data-bt-override-class=\"{}\"><a href=\"https:\/\/www.vitalgardens.com\/de\/dienste\" target=\"_self\" class=\"bt_bb_link\" title=\"Alle Vital Gardens Konzepte\"><span class=\"bt_bb_button_text\" >Alle Vital Gardens Konzepte<\/span><\/a><\/div><div class=\"bt_bb_separator bt_bb_border_style_none bt_bb_bottom_spacing_medium\" data-bt-override-class=\"null\"><\/div><\/div><\/div><\/div><div  class=\"bt_bb_column col-xxl-6 col-xl-6 bt_bb_vertical_align_top bt_bb_align_left bt_bb_padding_normal bt_bb_animation_fade_in animate\"  data-width=\"6\" data-bt-override-class=\"{}\"><div class=\"bt_bb_column_content\"><div class=\"bt_bb_column_content_inner\"><div  class=\"bt_bb_text\" ><p>F\u00fcr Kunden, die G\u00e4rten in der Realit\u00e4t bevorzugen, haben wir mehrere elegante G\u00e4rten an der Algarve mit minimalistisch gehaltener Bepflanzung, luxuri\u00f6ser Bepflanzung oder Besonderheiten kreiert.<\/p>\n<p>Sie k\u00f6nnen auch das ganze Jahr \u00fcber an unserer kleinen Garten-Tour an der Algarve teilnehmen und unsere beliebtesten Gartenprojekte erkunden, um einen Ihrer m\u00f6glichen zuk\u00fcnftigen G\u00e4rten zu sehen, zu ber\u00fchren, zu f\u00fchlen und zu erleben.<\/p>\n<\/div><div class=\"bt_bb_separator bt_bb_border_style_none bt_bb_bottom_spacing_medium\" data-bt-override-class=\"null\"><\/div><\/div><\/div><\/div><\/div><div  class=\"bt_bb_row bt_bb_column_gap_50\" ><div  class=\"bt_bb_column col-xxl-4 col-xl-4 bt_bb_vertical_align_top bt_bb_align_left bt_bb_padding_normal bt_bb_animation_fade_in animate\"  data-width=\"4\" data-bt-override-class=\"{}\"><div class=\"bt_bb_column_content\"><div class=\"bt_bb_column_content_inner\"><div class=\"bt_bb_card_icon bt_bb_icon_color_scheme_3 bt_bb_title_color_scheme_3 bt_bb_background_color_scheme_8\"><a href=\"https:\/\/www.vitalgardens.com\/de\/dienste\/kunstrasen\"  target=\"_self\" title=\"Kunstrasen\"><div class=\"bt_bb_card_icon_content\"><div class=\"bt_bb_card_icon_icon\"><span  data-ico-landscaping=\"&#xe92b;\" class=\"bt_bb_icon_holder\"><\/span><\/div><h3 class=\"bt_bb_card_icon_title\">Kunstrasen<\/h3><div class=\"bt_bb_card_icon_text\">Kompletter Rasenpflegeservice, extravaganter Minigolf oder gro\u00dfes Fu\u00dfballfeld, es gibt keine besseren Optionen als moderne Konzepte.<\/div><\/div><\/a><\/div><div class=\"bt_bb_separator bt_bb_border_style_none bt_bb_bottom_spacing_normal\" data-bt-override-class=\"null\"><\/div><div class=\"bt_bb_card_icon bt_bb_icon_color_scheme_3 bt_bb_title_color_scheme_3 bt_bb_background_color_scheme_8\"><a href=\"https:\/\/www.vitalgardens.com\/de\/dienste\/wege-patios-gartenmauern\"  target=\"_self\" title=\"Wege & Patios, Gartenmauern \"><div class=\"bt_bb_card_icon_content\"><div class=\"bt_bb_card_icon_icon\"><span  data-ico-landscaping=\"&#xe90a;\" class=\"bt_bb_icon_holder\"><\/span><\/div><h3 class=\"bt_bb_card_icon_title\">Wege & Patios, Gartenmauern <\/h3><div class=\"bt_bb_card_icon_text\">Der Garten enth\u00e4lt eine Reihe von pr\u00e4chtigen und teuer aussehenden Umrandungen. <\/div><\/div><\/a><\/div><div class=\"bt_bb_separator bt_bb_border_style_none bt_bb_bottom_spacing_normal\" data-bt-override-class=\"null\"><\/div><\/div><\/div><\/div><div  class=\"bt_bb_column col-xxl-4 col-xl-4 bt_bb_vertical_align_top bt_bb_align_left bt_bb_padding_normal bt_bb_animation_fade_in animate\"  data-width=\"4\" data-bt-override-class=\"{}\"><div class=\"bt_bb_column_content\"><div class=\"bt_bb_column_content_inner\"><div class=\"bt_bb_card_icon bt_bb_icon_color_scheme_3 bt_bb_title_color_scheme_3 bt_bb_background_color_scheme_8\"><a href=\"https:\/\/www.vitalgardens.com\/de\/dienste\/bewaesserungssysteme\"  target=\"_self\" title=\"Bew\u00e4sserungssystem\"><div class=\"bt_bb_card_icon_content\"><div class=\"bt_bb_card_icon_icon\"><span  data-ico-landscaping=\"&#xe91d;\" class=\"bt_bb_icon_holder\"><\/span><\/div><h3 class=\"bt_bb_card_icon_title\">Bew\u00e4sserungssystem<\/h3><div class=\"bt_bb_card_icon_text\">Es gibt eine riesige Auswahl an Pflanzen und Rasenfl\u00e4chen, die mit der richtigen Menge Wasser gedeihen, um wundersch\u00f6ne Farben zu erzielen.<\/div><\/div><\/a><\/div><div class=\"bt_bb_separator bt_bb_border_style_none bt_bb_bottom_spacing_normal\" data-bt-override-class=\"null\"><\/div><div class=\"bt_bb_card_icon bt_bb_icon_color_scheme_3 bt_bb_title_color_scheme_3 bt_bb_background_color_scheme_8\"><a href=\"https:\/\/www.vitalgardens.com\/de\/dienste\/pool-schwimmteiche\"  target=\"_self\" title=\"Pool & Schwimmteiche \"><div class=\"bt_bb_card_icon_content\"><div class=\"bt_bb_card_icon_icon\"><span  data-ico-landscaping=\"&#xe905;\" class=\"bt_bb_icon_holder\"><\/span><\/div><h3 class=\"bt_bb_card_icon_title\">Pool & Schwimmteiche <\/h3><div class=\"bt_bb_card_icon_text\">Wasser Besonderheiten werden verwendet, um die Immobilie aufzufrischen und einen Mehrwert zu schaffen. <\/div><\/div><\/a><\/div><div class=\"bt_bb_separator bt_bb_border_style_none bt_bb_bottom_spacing_normal\" data-bt-override-class=\"null\"><\/div><\/div><\/div><\/div><div  class=\"bt_bb_column col-xxl-4 col-xl-4 bt_bb_vertical_align_top bt_bb_align_left bt_bb_padding_normal bt_bb_animation_fade_in animate\"  data-width=\"4\" data-bt-override-class=\"{}\"><div class=\"bt_bb_column_content\"><div class=\"bt_bb_column_content_inner\"><div class=\"bt_bb_card_icon bt_bb_icon_color_scheme_3 bt_bb_title_color_scheme_3 bt_bb_background_color_scheme_8\"><a href=\"https:\/\/www.vitalgardens.com\/de\/dienste\/gartenbau\"  target=\"_self\" title=\"Gartenbau\"><div class=\"bt_bb_card_icon_content\"><div class=\"bt_bb_card_icon_icon\"><span  data-ico-landscaping=\"&#xe908;\" class=\"bt_bb_icon_holder\"><\/span><\/div><h3 class=\"bt_bb_card_icon_title\">Gartenbau<\/h3><div class=\"bt_bb_card_icon_text\">Wir haben eine besonders gro\u00dfe Auswahl an Gel\u00e4ndemodellierungswerkzeugen, Baufahrzeugen und Profis.<\/div><\/div><\/a><\/div><div class=\"bt_bb_separator bt_bb_border_style_none bt_bb_bottom_spacing_normal\" data-bt-override-class=\"null\"><\/div><div class=\"bt_bb_card_icon bt_bb_icon_color_scheme_3 bt_bb_title_color_scheme_3 bt_bb_background_color_scheme_8\"><a href=\"https:\/\/www.vitalgardens.com\/de\/dienste\/trocken-steingaerten\"  target=\"_self\" title=\"Trocken- \/ Steing\u00e4rten\"><div class=\"bt_bb_card_icon_content\"><div class=\"bt_bb_card_icon_icon\"><span  data-ico-landscaping=\"&#xe928;\" class=\"bt_bb_icon_holder\"><\/span><\/div><h3 class=\"bt_bb_card_icon_title\">Trocken- \/ Steing\u00e4rten<\/h3><div class=\"bt_bb_card_icon_text\">Viele der Pflanzen im trockenen Garten sind auch bei Sonnenschein und Hitze bei wenig Wasser robust.<\/div><\/div><\/a><\/div><div class=\"bt_bb_separator bt_bb_border_style_none bt_bb_bottom_spacing_normal\" data-bt-override-class=\"null\"><\/div><\/div><\/div><\/div><\/div><div  class=\"bt_bb_row bt_bb_hidden_xs bt_bb_hidden_ms bt_bb_hidden_sm\" ><div  class=\"bt_bb_column col-xxl-12 col-xl-12 bt_bb_vertical_align_top bt_bb_align_left bt_bb_padding_normal\"  data-width=\"12\" data-bt-override-class=\"{}\"><div class=\"bt_bb_column_content\"><div class=\"bt_bb_column_content_inner\"><div class=\"bt_bb_separator bt_bb_border_style_none bt_bb_bottom_spacing_normal\" data-bt-override-class=\"null\"><\/div><\/div><\/div><\/div><\/div><div  class=\"bt_bb_row bt_bb_column_gap_45 bt_bb_color_scheme_6 bt_bb_hidden_xs bt_bb_hidden_ms bt_bb_hidden_sm\" ><div  class=\"bt_bb_column col-xxl-3 col-xl-3 bt_bb_vertical_align_top bt_bb_align_left btLazyLoadBackground bt_bb_column_background_image bt_bb_padding_normal bt_bb_animation_fade_in animate\" style=\"background-image:url(&#039;https:\/\/www.vitalgardens.com\/wp-content\/plugins\/bold-page-builder\/img\/blank.gif&#039;);\" data-background_image_src='https:\/\/www.vitalgardens.com\/wp-content\/uploads\/2020\/03\/contact-us-vital-gardens-algarve.jpg' data-width=\"3\" data-bt-override-class=\"{}\"><div class=\"bt_bb_column_content\"><div class=\"bt_bb_column_content_inner\"><\/div><\/div><\/div><div  class=\"bt_bb_column col-xxl-6 col-xl-6 bt_bb_vertical_align_top bt_bb_align_left bt_bb_padding_normal bt_bb_animation_fade_in animate\"  data-width=\"6\" data-bt-override-class=\"{}\"><div class=\"bt_bb_column_content\"><div class=\"bt_bb_column_content_inner\"><div class=\"bt_bb_separator bt_bb_border_style_none bt_bb_bottom_spacing_medium\" data-bt-override-class=\"null\"><\/div><header class=\"bt_bb_headline bt_bb_dash_none bt_bb_size_medium bt_bb_subheadline bt_bb_align_inherit\"><h3><span class=\"bt_bb_headline_content\"><span>Kontaktieren Sie uns f\u00fcr ein kostenloses Angebot. <\/span><\/span><\/h3><div class=\"bt_bb_headline_subheadline\">Breites Leistungsspektrum <\/div><\/header><div class=\"bt_bb_separator bt_bb_border_style_none bt_bb_bottom_spacing_medium\" data-bt-override-class=\"null\"><\/div><\/div><\/div><\/div><div  class=\"bt_bb_column col-xxl-3 col-xl-3 bt_bb_vertical_align_middle bt_bb_align_left bt_bb_padding_normal bt_bb_animation_fade_in animate\"  data-width=\"3\" data-bt-override-class=\"{}\"><div class=\"bt_bb_column_content\"><div class=\"bt_bb_column_content_inner\"><div class=\"bt_bb_separator bt_bb_border_style_none bt_bb_bottom_spacing_medium\" data-bt-override-class=\"null\"><\/div><div class=\"bt_bb_button bt_bb_color_scheme_2 bt_bb_icon_position_left bt_bb_style_filled bt_bb_size_normal bt_bb_width_inline bt_bb_shape_inherit bt_bb_target_self bt_bb_align_inherit\" style=\"; --primary-color:#4e4e4e; --secondary-color:#ffffff;\" data-bt-override-class=\"{&quot;bt_bb_size_&quot;:{&quot;current_class&quot;:&quot;bt_bb_size_normal&quot;,&quot;xxl&quot;:&quot;normal&quot;,&quot;xl&quot;:&quot;normal&quot;},&quot;bt_bb_align_&quot;:{&quot;current_class&quot;:&quot;bt_bb_align_inherit&quot;,&quot;xxl&quot;:&quot;inherit&quot;,&quot;xl&quot;:&quot;inherit&quot;}}\"><a href=\"https:\/\/www.vitalgardens.com\/de\/kontaktieren-sie-uns\" target=\"_self\" class=\"bt_bb_link\" title=\"Kontaktieren Sie uns\"><span class=\"bt_bb_button_text\" >Kontaktieren Sie uns<\/span><\/a><\/div><div class=\"bt_bb_separator bt_bb_border_style_none bt_bb_bottom_spacing_medium\" data-bt-override-class=\"null\"><\/div><\/div><\/div><\/div><\/div><div  class=\"bt_bb_row bt_bb_column_gap_45 bt_bb_color_scheme_6 bt_bb_hidden_md bt_bb_hidden_lg\" ><div  class=\"bt_bb_column col-xxl-12 col-xl-12 bt_bb_vertical_align_top bt_bb_align_center bt_bb_padding_normal bt_bb_animation_fade_in animate\"  data-width=\"12\" data-bt-override-class=\"{}\"><div class=\"bt_bb_column_content\"><div class=\"bt_bb_column_content_inner\"><div class=\"bt_bb_separator bt_bb_border_style_none bt_bb_bottom_spacing_medium\" data-bt-override-class=\"null\"><\/div><div class=\"bt_bb_image bt_bb_shape_square bt_bb_target_self bt_bb_align_inherit bt_bb_hover_style_simple bt_bb_content_display_always bt_bb_content_align_middle\" data-bt-override-class=\"{}\"><span><img width=\"540\" height=\"368\" src=\"https:\/\/www.vitalgardens.com\/wp-content\/uploads\/2020\/03\/contact-us-vital-gardens-algarve.jpg\" class=\"attachment-full size-full\" alt=\"Our services\" loading=\"lazy\" data-full_image_src=\"https:\/\/www.vitalgardens.com\/wp-content\/uploads\/2020\/03\/contact-us-vital-gardens-algarve.jpg\" title=\"contact-us-vital-gardens-algarve\" srcset=\"https:\/\/www.vitalgardens.com\/wp-content\/uploads\/2020\/03\/contact-us-vital-gardens-algarve.jpg 540w, https:\/\/www.vitalgardens.com\/wp-content\/uploads\/2020\/03\/contact-us-vital-gardens-algarve-320x218.jpg 320w\" sizes=\"(max-width: 540px) 100vw, 540px\" \/><\/span><\/div><div class=\"bt_bb_separator bt_bb_border_style_none bt_bb_bottom_spacing_medium\" data-bt-override-class=\"null\"><\/div><header class=\"bt_bb_headline bt_bb_dash_none bt_bb_size_medium bt_bb_subheadline bt_bb_align_inherit\"><h3><span class=\"bt_bb_headline_content\"><span>Kontaktieren Sie uns f\u00fcr ein kostenloses Angebot. <\/span><\/span><\/h3><div class=\"bt_bb_headline_subheadline\">Breites Leistungsspektrum <\/div><\/header><div class=\"bt_bb_separator bt_bb_border_style_none bt_bb_bottom_spacing_normal\" data-bt-override-class=\"null\"><\/div><div class=\"bt_bb_button bt_bb_color_scheme_2 bt_bb_icon_position_left bt_bb_style_filled bt_bb_size_normal bt_bb_width_inline bt_bb_shape_inherit bt_bb_target_self bt_bb_align_inherit\" style=\"; --primary-color:#4e4e4e; --secondary-color:#ffffff;\" data-bt-override-class=\"{}\"><a href=\"https:\/\/www.vitalgardens.com\/de\/kontaktiere-uns\" target=\"_self\" class=\"bt_bb_link\" title=\"Kontaktiere uns\"><span class=\"bt_bb_button_text\" >Kontaktiere uns<\/span><\/a><\/div><div class=\"bt_bb_separator bt_bb_border_style_none bt_bb_bottom_spacing_medium\" data-bt-override-class=\"null\"><\/div><\/div><\/div><\/div><\/div><\/div><!-- cell_inner --><\/div><!-- cell --><\/div><!-- port --><\/section>","protected":false},"excerpt":{"rendered":"","protected":false},"author":5,"featured_media":4103,"parent":4112,"menu_order":0,"comment_status":"closed","ping_status":"closed","template":"","meta":[],"_links":{"self":[{"href":"https:\/\/www.vitalgardens.com\/de\/wp-json\/wp\/v2\/pages\/4142"}],"collection":[{"href":"https:\/\/www.vitalgardens.com\/de\/wp-json\/wp\/v2\/pages"}],"about":[{"href":"https:\/\/www.vitalgardens.com\/de\/wp-json\/wp\/v2\/types\/page"}],"author":[{"embeddable":true,"href":"https:\/\/www.vitalgardens.com\/de\/wp-json\/wp\/v2\/users\/5"}],"replies":[{"embeddable":true,"href":"https:\/\/www.vitalgardens.com\/de\/wp-json\/wp\/v2\/comments?post=4142"}],"version-history":[{"count":3,"href":"https:\/\/www.vitalgardens.com\/de\/wp-json\/wp\/v2\/pages\/4142\/revisions"}],"predecessor-version":[{"id":5907,"href":"https:\/\/www.vitalgardens.com\/de\/wp-json\/wp\/v2\/pages\/4142\/revisions\/5907"}],"up":[{"embeddable":true,"href":"https:\/\/www.vitalgardens.com\/de\/wp-json\/wp\/v2\/pages\/4112"}],"wp:featuredmedia":[{"embeddable":true,"href":"https:\/\/www.vitalgardens.com\/de\/wp-json\/wp\/v2\/media\/4103"}],"wp:attachment":[{"href":"https:\/\/www.vitalgardens.com\/de\/wp-json\/wp\/v2\/media?parent=4142"}],"curies":[{"name":"wp","href":"https:\/\/api.w.org\/{rel}","templated":true}]}}